{"id":261,"date":"2025-10-20T16:26:31","date_gmt":"2025-10-20T14:26:31","guid":{"rendered":"https:\/\/kancelariarok.pl\/?page_id=261"},"modified":"2025-10-20T19:48:45","modified_gmt":"2025-10-20T17:48:45","slug":"formularz-uslugi-rzeczoznawcze","status":"publish","type":"page","link":"https:\/\/kancelariarok.pl\/?page_id=261","title":{"rendered":"Formularz Us\u0142ugi Rzeczoznawcze"},"content":{"rendered":"<p>[et_pb_section fb_built=&#8221;1&#8243; specialty=&#8221;on&#8221; custom_padding_last_edited=&#8221;off|phone&#8221; admin_label=&#8221;Header&#8221; _builder_version=&#8221;4.27.4&#8243; use_background_color_gradient=&#8221;on&#8221; background_color_gradient_direction=&#8221;90deg&#8221; background_color_gradient_stops=&#8221;rgba(0,0,0,0.56) 30%|#000000 45%&#8221; background_color_gradient_overlays_image=&#8221;on&#8221; background_color_gradient_start=&#8221;rgba(0,0,0,0.56)&#8221; background_color_gradient_start_position=&#8221;30%&#8221; background_color_gradient_end=&#8221;#000000&#8243; background_color_gradient_end_position=&#8221;30%&#8221; background_image=&#8221;https:\/\/kancelariarok.pl\/wp-content\/uploads\/2025\/10\/theater-02-1.jpg&#8221; custom_padding=&#8221;||||false|false&#8221; custom_padding_tablet=&#8221;||||false|false&#8221; custom_padding_phone=&#8221;|||10vw|false|false&#8221; background_color_tablet=&#8221;#000000&#8243; background_last_edited=&#8221;on|tablet&#8221; background_enable_color_tablet=&#8221;on&#8221; use_background_color_gradient_tablet=&#8221;off&#8221; background_color_gradient_stops_tablet=&#8221;rgba(0,0,0,0.56) 85%|#000000 85%&#8221; background_color_gradient_stops_phone=&#8221;rgba(0,0,0,0.56) 10%|#000000 10%&#8221; background_color_gradient_start_position_tablet=&#8221;85%&#8221; background_color_gradient_start_position_phone=&#8221;10%&#8221; background_color_gradient_end_position_tablet=&#8221;0%&#8221; background_color_gradient_end_position_phone=&#8221;10%&#8221; background_image_phone=&#8221;https:\/\/kancelariarok.pl\/wp-content\/uploads\/2025\/09\/pexels-ene-marius-241207761-32664555-1-scaled.jpg&#8221; background_enable_image_tablet=&#8221;off&#8221; background_enable_image_phone=&#8221;on&#8221; background_position_phone=&#8221;center_left&#8221; locked=&#8221;off&#8221; global_colors_info=&#8221;{}&#8221; height__hover_enabled=&#8221;off|desktop&#8221;][et_pb_column type=&#8221;1_3&#8243; _builder_version=&#8221;4.16&#8243; custom_padding=&#8221;|||&#8221; global_colors_info=&#8221;{}&#8221; custom_padding__hover=&#8221;|||&#8221;][\/et_pb_column][et_pb_column type=&#8221;2_3&#8243; specialty_columns=&#8221;2&#8243; _builder_version=&#8221;4.16&#8243; custom_padding=&#8221;|||&#8221; global_colors_info=&#8221;{}&#8221; custom_padding__hover=&#8221;|||&#8221;][et_pb_row_inner _builder_version=&#8221;4.27.4&#8243; background_enable_color=&#8221;off&#8221; global_colors_info=&#8221;{}&#8221;][et_pb_column_inner saved_specialty_column_type=&#8221;2_3&#8243; _builder_version=&#8221;4.16&#8243; global_colors_info=&#8221;{}&#8221;][et_pb_text _builder_version=&#8221;4.27.4&#8243; text_text_color=&#8221;rgba(255,255,255,0.5)&#8221; text_font_size=&#8221;16px&#8221; text_line_height=&#8221;1.8em&#8221; header_font=&#8221;Montserrat|300||on|||||&#8221; header_font_size=&#8221;3vw&#8221; header_line_height=&#8221;1.2em&#8221; header_3_font=&#8221;Montserrat|700||on|||||&#8221; header_3_text_color=&#8221;#f9002b&#8221; header_3_font_size=&#8221;16px&#8221; header_3_letter_spacing=&#8221;2px&#8221; header_3_line_height=&#8221;1.4em&#8221; background_layout=&#8221;dark&#8221; header_font_tablet=&#8221;Montserrat|300||on|||||&#8221; header_font_phone=&#8221;Montserrat|700||on|||||&#8221; header_font_last_edited=&#8221;on|phone&#8221; header_font_size_tablet=&#8221;3vw&#8221; header_font_size_phone=&#8221;5vw&#8221; header_font_size_last_edited=&#8221;on|phone&#8221; header_3_font_size_tablet=&#8221;14px&#8221; header_3_font_size_phone=&#8221;&#8221; header_3_font_size_last_edited=&#8221;on|phone&#8221; text_text_align=&#8221;left&#8221; locked=&#8221;off&#8221; global_colors_info=&#8221;{}&#8221;]<\/p>\n<h1>Us\u0142ugi Rzeczoznawcze<\/h1>\n<p>[\/et_pb_text][\/et_pb_column_inner][\/et_pb_row_inner][et_pb_row_inner custom_padding_last_edited=&#8221;on|phone&#8221; _builder_version=&#8221;4.27.4&#8243; custom_padding=&#8221;40px|40px|40px|40px|true|true&#8221; custom_padding_tablet=&#8221;30px|30px|30px|30px|true|true&#8221; custom_padding_phone=&#8221;20px|20px|20px|20px|true|true&#8221; background_color_phone=&#8221;#000000&#8243; background_last_edited=&#8221;on|phone&#8221; background_enable_color_phone=&#8221;on&#8221; border_width_all=&#8221;1px&#8221; border_color_all=&#8221;#282828&#8243; global_colors_info=&#8221;{}&#8221;][et_pb_column_inner saved_specialty_column_type=&#8221;2_3&#8243; _builder_version=&#8221;4.16&#8243; global_colors_info=&#8221;{}&#8221;][et_pb_contact_form success_message=&#8221;Wiadomo\u015b\u0107 wys\u0142ana&#8221; _builder_version=&#8221;4.27.4&#8243; form_field_background_color=&#8221;rgba(255,255,255,0.1)&#8221; form_field_text_color=&#8221;rgba(255,255,255,0.5)&#8221; form_field_focus_background_color=&#8221;rgba(255,255,255,0.2)&#8221; form_field_focus_text_color=&#8221;#000000&#8243; form_field_font=&#8221;Montserrat||||||||&#8221; custom_button=&#8221;on&#8221; button_text_size=&#8221;14px&#8221; button_text_color=&#8221;#ffffff&#8221; button_bg_color=&#8221;#E02B20&#8243; button_border_width=&#8221;0px&#8221; button_letter_spacing=&#8221;2px&#8221; button_font=&#8221;Montserrat|600||on|||||&#8221; button_icon=&#8221;&#xe076;||divi||400&#8243; button_icon_placement=&#8221;left&#8221; button_on_hover=&#8221;off&#8221; button_custom_margin=&#8221;40px||||false|false&#8221; button_custom_padding=&#8221;16px|26px|16px|46px|true|false&#8221; hover_enabled=&#8221;0&#8243; global_colors_info=&#8221;{}&#8221; button_bg_color__hover=&#8221;#f9002b&#8221; button_bg_color__hover_enabled=&#8221;on|hover&#8221; button_bg_enable_color__hover=&#8221;on&#8221; email=&#8221;skontaktujsie@kancelariarok.pl&#8221; sticky_enabled=&#8221;0&#8243; custom_message=&#8221;US\u0141UGI RZECZOZNAWCZE||et_pb_line_break_holder||IMI\u0118 I NAZWISKO: %%Name%%||et_pb_line_break_holder||TELEFON: %%Telefon%%||et_pb_line_break_holder||EMAIL: %%Email%%||et_pb_line_break_holder||MARKA I MODEL SAMOCHODU: %%Marka_i_model%%||et_pb_line_break_holder||NUMER VIN: %%Numer-VIN%%||et_pb_line_break_holder||US\u0141UGA: %%Us\u0142uga%%||et_pb_line_break_holder||||et_pb_line_break_holder||WIADOMO\u015a\u0106: %%Wiadomo\u015b\u0107%%||et_pb_line_break_holder||&#8221;][et_pb_contact_field field_id=&#8221;Name&#8221; field_title=&#8221;Imi\u0119 i nazwisko*&#8221; _builder_version=&#8221;4.27.4&#8243; global_colors_info=&#8221;{}&#8221; button_text_size__hover_enabled=&#8221;off&#8221; button_one_text_size__hover_enabled=&#8221;off&#8221; button_two_text_size__hover_enabled=&#8221;off&#8221; button_text_color__hover_enabled=&#8221;off&#8221; button_one_text_color__hover_enabled=&#8221;off&#8221; button_two_text_color__hover_enabled=&#8221;off&#8221; button_border_width__hover_enabled=&#8221;off&#8221; button_one_border_width__hover_enabled=&#8221;off&#8221; button_two_border_width__hover_enabled=&#8221;off&#8221; button_border_color__hover_enabled=&#8221;off&#8221; button_one_border_color__hover_enabled=&#8221;off&#8221; button_two_border_color__hover_enabled=&#8221;off&#8221; button_border_radius__hover_enabled=&#8221;off&#8221; button_one_border_radius__hover_enabled=&#8221;off&#8221; button_two_border_radius__hover_enabled=&#8221;off&#8221; button_letter_spacing__hover_enabled=&#8221;off&#8221; button_one_letter_spacing__hover_enabled=&#8221;off&#8221; button_two_letter_spacing__hover_enabled=&#8221;off&#8221; button_bg_color__hover_enabled=&#8221;off&#8221; button_one_bg_color__hover_enabled=&#8221;off&#8221; button_two_bg_color__hover_enabled=&#8221;off&#8221;][\/et_pb_contact_field][et_pb_contact_field field_id=&#8221;Telefon&#8221; field_title=&#8221;Telefon*&#8221; min_length=&#8221;7&#8243; max_length=&#8221;11&#8243; allowed_symbols=&#8221;numbers&#8221; _builder_version=&#8221;4.27.4&#8243; global_colors_info=&#8221;{}&#8221; button_text_size__hover_enabled=&#8221;off&#8221; button_one_text_size__hover_enabled=&#8221;off&#8221; button_two_text_size__hover_enabled=&#8221;off&#8221; button_text_color__hover_enabled=&#8221;off&#8221; button_one_text_color__hover_enabled=&#8221;off&#8221; button_two_text_color__hover_enabled=&#8221;off&#8221; button_border_width__hover_enabled=&#8221;off&#8221; button_one_border_width__hover_enabled=&#8221;off&#8221; button_two_border_width__hover_enabled=&#8221;off&#8221; button_border_color__hover_enabled=&#8221;off&#8221; button_one_border_color__hover_enabled=&#8221;off&#8221; button_two_border_color__hover_enabled=&#8221;off&#8221; button_border_radius__hover_enabled=&#8221;off&#8221; button_one_border_radius__hover_enabled=&#8221;off&#8221; button_two_border_radius__hover_enabled=&#8221;off&#8221; button_letter_spacing__hover_enabled=&#8221;off&#8221; button_one_letter_spacing__hover_enabled=&#8221;off&#8221; button_two_letter_spacing__hover_enabled=&#8221;off&#8221; button_bg_color__hover_enabled=&#8221;off&#8221; button_one_bg_color__hover_enabled=&#8221;off&#8221; button_two_bg_color__hover_enabled=&#8221;off&#8221;][\/et_pb_contact_field][et_pb_contact_field field_id=&#8221;Email&#8221; field_title=&#8221;Adres email*&#8221; field_type=&#8221;email&#8221; _builder_version=&#8221;4.27.4&#8243; global_colors_info=&#8221;{}&#8221; button_text_size__hover_enabled=&#8221;off&#8221; button_one_text_size__hover_enabled=&#8221;off&#8221; button_two_text_size__hover_enabled=&#8221;off&#8221; button_text_color__hover_enabled=&#8221;off&#8221; button_one_text_color__hover_enabled=&#8221;off&#8221; button_two_text_color__hover_enabled=&#8221;off&#8221; button_border_width__hover_enabled=&#8221;off&#8221; button_one_border_width__hover_enabled=&#8221;off&#8221; button_two_border_width__hover_enabled=&#8221;off&#8221; button_border_color__hover_enabled=&#8221;off&#8221; button_one_border_color__hover_enabled=&#8221;off&#8221; button_two_border_color__hover_enabled=&#8221;off&#8221; button_border_radius__hover_enabled=&#8221;off&#8221; button_one_border_radius__hover_enabled=&#8221;off&#8221; button_two_border_radius__hover_enabled=&#8221;off&#8221; button_letter_spacing__hover_enabled=&#8221;off&#8221; button_one_letter_spacing__hover_enabled=&#8221;off&#8221; button_two_letter_spacing__hover_enabled=&#8221;off&#8221; button_bg_color__hover_enabled=&#8221;off&#8221; button_one_bg_color__hover_enabled=&#8221;off&#8221; button_two_bg_color__hover_enabled=&#8221;off&#8221;][\/et_pb_contact_field][et_pb_contact_field field_id=&#8221;Marka_i_model&#8221; field_title=&#8221;Marka i model samochodu*&#8221; _builder_version=&#8221;4.27.4&#8243; global_colors_info=&#8221;{}&#8221; button_text_size__hover_enabled=&#8221;off&#8221; button_one_text_size__hover_enabled=&#8221;off&#8221; button_two_text_size__hover_enabled=&#8221;off&#8221; button_text_color__hover_enabled=&#8221;off&#8221; button_one_text_color__hover_enabled=&#8221;off&#8221; button_two_text_color__hover_enabled=&#8221;off&#8221; button_border_width__hover_enabled=&#8221;off&#8221; button_one_border_width__hover_enabled=&#8221;off&#8221; button_two_border_width__hover_enabled=&#8221;off&#8221; button_border_color__hover_enabled=&#8221;off&#8221; button_one_border_color__hover_enabled=&#8221;off&#8221; button_two_border_color__hover_enabled=&#8221;off&#8221; button_border_radius__hover_enabled=&#8221;off&#8221; button_one_border_radius__hover_enabled=&#8221;off&#8221; button_two_border_radius__hover_enabled=&#8221;off&#8221; button_letter_spacing__hover_enabled=&#8221;off&#8221; button_one_letter_spacing__hover_enabled=&#8221;off&#8221; button_two_letter_spacing__hover_enabled=&#8221;off&#8221; button_bg_color__hover_enabled=&#8221;off&#8221; button_one_bg_color__hover_enabled=&#8221;off&#8221; button_two_bg_color__hover_enabled=&#8221;off&#8221;][\/et_pb_contact_field][et_pb_contact_field field_id=&#8221;Numer_VIN&#8221; field_title=&#8221;Numer VIN&#8221; min_length=&#8221;17&#8243; max_length=&#8221;17&#8243; required_mark=&#8221;off&#8221; fullwidth_field=&#8221;on&#8221; _builder_version=&#8221;4.27.4&#8243; _module_preset=&#8221;default&#8221; global_colors_info=&#8221;{}&#8221;][\/et_pb_contact_field][et_pb_contact_field field_id=&#8221;Us\u0142uga&#8221; field_title=&#8221;Us\u0142uga*&#8221; field_type=&#8221;select&#8221; select_options=&#8221;%91{%22value%22:%22Opinia techniczna%22,%22checked%22:0,%22dragID%22:-1},{%22value%22:%22Wycena%22,%22checked%22:0,%22dragID%22:0},{%22value%22:%22Samoch\u00f3d zabytkowy%22,%22checked%22:0,%22dragID%22:1},{%22value%22:%22Inne%22,%22checked%22:0,%22dragID%22:2}%93&#8243; fullwidth_field=&#8221;on&#8221; _builder_version=&#8221;4.27.4&#8243; _module_preset=&#8221;default&#8221; global_colors_info=&#8221;{}&#8221;][\/et_pb_contact_field][et_pb_contact_field field_id=&#8221;Wiadomo\u015b\u0107&#8221; field_title=&#8221;Wiadomo\u015b\u0107&#8230;&#8221; field_type=&#8221;text&#8221; fullwidth_field=&#8221;on&#8221; _builder_version=&#8221;4.27.4&#8243; global_colors_info=&#8221;{}&#8221; button_text_size__hover_enabled=&#8221;off&#8221; button_one_text_size__hover_enabled=&#8221;off&#8221; button_two_text_size__hover_enabled=&#8221;off&#8221; button_text_color__hover_enabled=&#8221;off&#8221; button_one_text_color__hover_enabled=&#8221;off&#8221; button_two_text_color__hover_enabled=&#8221;off&#8221; button_border_width__hover_enabled=&#8221;off&#8221; button_one_border_width__hover_enabled=&#8221;off&#8221; button_two_border_width__hover_enabled=&#8221;off&#8221; button_border_color__hover_enabled=&#8221;off&#8221; button_one_border_color__hover_enabled=&#8221;off&#8221; button_two_border_color__hover_enabled=&#8221;off&#8221; button_border_radius__hover_enabled=&#8221;off&#8221; button_one_border_radius__hover_enabled=&#8221;off&#8221; button_two_border_radius__hover_enabled=&#8221;off&#8221; button_letter_spacing__hover_enabled=&#8221;off&#8221; button_one_letter_spacing__hover_enabled=&#8221;off&#8221; button_two_letter_spacing__hover_enabled=&#8221;off&#8221; button_bg_color__hover_enabled=&#8221;off&#8221; button_one_bg_color__hover_enabled=&#8221;off&#8221; button_two_bg_color__hover_enabled=&#8221;off&#8221;][\/et_pb_contact_field][\/et_pb_contact_form][\/et_pb_column_inner][\/et_pb_row_inner][\/et_pb_column][\/et_pb_section][et_pb_section fb_built=&#8221;1&#8243; admin_label=&#8221;Footer&#8221; _builder_version=&#8221;4.16&#8243; use_background_color_gradient=&#8221;on&#8221; background_color_gradient_stops=&#8221;#000000 0%|rgba(0,0,0,0) 50%&#8221; background_color_gradient_overlays_image=&#8221;on&#8221; background_color_gradient_start=&#8221;#000000&#8243; background_color_gradient_end=&#8221;rgba(0,0,0,0)&#8221; background_color_gradient_end_position=&#8221;50%&#8221; background_image=&#8221;https:\/\/kancelariarok.pl\/wp-content\/uploads\/2025\/09\/theater-01.jpg&#8221; custom_padding=&#8221;13px|||||&#8221; locked=&#8221;off&#8221; global_colors_info=&#8221;{}&#8221;][et_pb_row column_structure=&#8221;2_5,3_5&#8243; make_equal=&#8221;on&#8221; _builder_version=&#8221;4.16&#8243; custom_padding=&#8221;55px||0px|||&#8221; locked=&#8221;off&#8221; global_colors_info=&#8221;{}&#8221;][et_pb_column type=&#8221;2_5&#8243; _builder_version=&#8221;4.16&#8243; global_colors_info=&#8221;{}&#8221;][et_pb_image src=&#8221;https:\/\/kancelariarok.pl\/wp-content\/uploads\/2025\/10\/Logo_MR_blackBG.png&#8221; title_text=&#8221;Logo_MR_blackBG&#8221; _builder_version=&#8221;4.27.4&#8243; _module_preset=&#8221;default&#8221; global_colors_info=&#8221;{}&#8221;][\/et_pb_image][\/et_pb_column][et_pb_column type=&#8221;3_5&#8243; _builder_version=&#8221;4.16&#8243; global_colors_info=&#8221;{}&#8221;][et_pb_text _builder_version=&#8221;4.27.4&#8243; text_line_height=&#8221;1.8em&#8221; link_text_align=&#8221;left&#8221; link_text_color=&#8221;#ffffff&#8221; header_4_font=&#8221;Montserrat|700||on|||||&#8221; header_4_text_color=&#8221;rgba(255,255,255,0.5)&#8221; header_4_font_size=&#8221;14px&#8221; header_4_letter_spacing=&#8221;2px&#8221; header_4_line_height=&#8221;1.4em&#8221; background_layout=&#8221;dark&#8221; max_width=&#8221;600px&#8221; custom_margin=&#8221;41px|||||&#8221; locked=&#8221;off&#8221; global_colors_info=&#8221;{}&#8221;]<\/p>\n<h4>Kancelaria rzeczoznawcza miko\u0142aj rok<\/h4>\n<p>NIP: 6462729715<\/p>\n<p>Adres: Harcerska 60, 40-100 Tychy<\/p>\n<p>tel. 531 111 113<\/p>\n<p>[\/et_pb_text][\/et_pb_column][\/et_pb_row][\/et_pb_section]<\/p>\n","protected":false},"excerpt":{"rendered":"<p>Us\u0142ugi RzeczoznawczeKancelaria rzeczoznawcza miko\u0142aj rok NIP: 6462729715 Adres: Harcerska 60, 40-100 Tychy tel. 531 111 113<\/p>\n","protected":false},"author":1,"featured_media":0,"parent":0,"menu_order":0,"comment_status":"closed","ping_status":"closed","template":"","meta":{"_et_pb_use_builder":"on","_et_pb_old_content":"","_et_gb_content_width":"","footnotes":""},"class_list":["post-261","page","type-page","status-publish","hentry"],"yoast_head":"<!-- This site is optimized with the Yoast SEO plugin v27.4 - https:\/\/yoast.com\/product\/yoast-seo-wordpress\/ -->\n<title>Formularz Us\u0142ugi Rzeczoznawcze - Kancelaria Rzeczoznawcza Miko\u0142aj Rok<\/title>\n<meta name=\"robots\" content=\"index, follow, max-snippet:-1, max-image-preview:large, max-video-preview:-1\" \/>\n<link rel=\"canonical\" href=\"https:\/\/kancelariarok.pl\/?page_id=261\" \/>\n<meta property=\"og:locale\" content=\"pl_PL\" \/>\n<meta property=\"og:type\" content=\"article\" \/>\n<meta property=\"og:title\" content=\"Formularz Us\u0142ugi Rzeczoznawcze - Kancelaria Rzeczoznawcza Miko\u0142aj Rok\" \/>\n<meta property=\"og:description\" content=\"Us\u0142ugi RzeczoznawczeKancelaria rzeczoznawcza miko\u0142aj rok NIP: 6462729715 Adres: Harcerska 60, 40-100 Tychy tel. 531 111 113\" \/>\n<meta property=\"og:url\" content=\"https:\/\/kancelariarok.pl\/?page_id=261\" \/>\n<meta property=\"og:site_name\" content=\"Kancelaria Rzeczoznawcza Miko\u0142aj Rok\" \/>\n<meta property=\"article:modified_time\" content=\"2025-10-20T17:48:45+00:00\" \/>\n<meta name=\"twitter:card\" content=\"summary_large_image\" \/>\n<script type=\"application\/ld+json\" class=\"yoast-schema-graph\">{\"@context\":\"https:\\\/\\\/schema.org\",\"@graph\":[{\"@type\":\"WebPage\",\"@id\":\"https:\\\/\\\/kancelariarok.pl\\\/?page_id=261\",\"url\":\"https:\\\/\\\/kancelariarok.pl\\\/?page_id=261\",\"name\":\"Formularz Us\u0142ugi Rzeczoznawcze - Kancelaria Rzeczoznawcza Miko\u0142aj Rok\",\"isPartOf\":{\"@id\":\"https:\\\/\\\/kancelariarok.pl\\\/#website\"},\"datePublished\":\"2025-10-20T14:26:31+00:00\",\"dateModified\":\"2025-10-20T17:48:45+00:00\",\"breadcrumb\":{\"@id\":\"https:\\\/\\\/kancelariarok.pl\\\/?page_id=261#breadcrumb\"},\"inLanguage\":\"pl-PL\",\"potentialAction\":[{\"@type\":\"ReadAction\",\"target\":[\"https:\\\/\\\/kancelariarok.pl\\\/?page_id=261\"]}]},{\"@type\":\"BreadcrumbList\",\"@id\":\"https:\\\/\\\/kancelariarok.pl\\\/?page_id=261#breadcrumb\",\"itemListElement\":[{\"@type\":\"ListItem\",\"position\":1,\"name\":\"Home\",\"item\":\"https:\\\/\\\/kancelariarok.pl\\\/\"},{\"@type\":\"ListItem\",\"position\":2,\"name\":\"Formularz Us\u0142ugi Rzeczoznawcze\"}]},{\"@type\":\"WebSite\",\"@id\":\"https:\\\/\\\/kancelariarok.pl\\\/#website\",\"url\":\"https:\\\/\\\/kancelariarok.pl\\\/\",\"name\":\"Kancelaria Rzeczoznawcza Miko\u0142aj Rok\",\"description\":\"Us\u0142ugi rzeczoznawcze | Certyfikacja warsztat\u00f3w | Consulting i szkolenia | Renowacje i modyfikacje pojazd\u00f3w\",\"potentialAction\":[{\"@type\":\"SearchAction\",\"target\":{\"@type\":\"EntryPoint\",\"urlTemplate\":\"https:\\\/\\\/kancelariarok.pl\\\/?s={search_term_string}\"},\"query-input\":{\"@type\":\"PropertyValueSpecification\",\"valueRequired\":true,\"valueName\":\"search_term_string\"}}],\"inLanguage\":\"pl-PL\"}]}<\/script>\n<!-- \/ Yoast SEO plugin. -->","yoast_head_json":{"title":"Formularz Us\u0142ugi Rzeczoznawcze - Kancelaria Rzeczoznawcza Miko\u0142aj Rok","robots":{"index":"index","follow":"follow","max-snippet":"max-snippet:-1","max-image-preview":"max-image-preview:large","max-video-preview":"max-video-preview:-1"},"canonical":"https:\/\/kancelariarok.pl\/?page_id=261","og_locale":"pl_PL","og_type":"article","og_title":"Formularz Us\u0142ugi Rzeczoznawcze - Kancelaria Rzeczoznawcza Miko\u0142aj Rok","og_description":"Us\u0142ugi RzeczoznawczeKancelaria rzeczoznawcza miko\u0142aj rok NIP: 6462729715 Adres: Harcerska 60, 40-100 Tychy tel. 531 111 113","og_url":"https:\/\/kancelariarok.pl\/?page_id=261","og_site_name":"Kancelaria Rzeczoznawcza Miko\u0142aj Rok","article_modified_time":"2025-10-20T17:48:45+00:00","twitter_card":"summary_large_image","schema":{"@context":"https:\/\/schema.org","@graph":[{"@type":"WebPage","@id":"https:\/\/kancelariarok.pl\/?page_id=261","url":"https:\/\/kancelariarok.pl\/?page_id=261","name":"Formularz Us\u0142ugi Rzeczoznawcze - Kancelaria Rzeczoznawcza Miko\u0142aj Rok","isPartOf":{"@id":"https:\/\/kancelariarok.pl\/#website"},"datePublished":"2025-10-20T14:26:31+00:00","dateModified":"2025-10-20T17:48:45+00:00","breadcrumb":{"@id":"https:\/\/kancelariarok.pl\/?page_id=261#breadcrumb"},"inLanguage":"pl-PL","potentialAction":[{"@type":"ReadAction","target":["https:\/\/kancelariarok.pl\/?page_id=261"]}]},{"@type":"BreadcrumbList","@id":"https:\/\/kancelariarok.pl\/?page_id=261#breadcrumb","itemListElement":[{"@type":"ListItem","position":1,"name":"Home","item":"https:\/\/kancelariarok.pl\/"},{"@type":"ListItem","position":2,"name":"Formularz Us\u0142ugi Rzeczoznawcze"}]},{"@type":"WebSite","@id":"https:\/\/kancelariarok.pl\/#website","url":"https:\/\/kancelariarok.pl\/","name":"Kancelaria Rzeczoznawcza Miko\u0142aj Rok","description":"Us\u0142ugi rzeczoznawcze | Certyfikacja warsztat\u00f3w | Consulting i szkolenia | Renowacje i modyfikacje pojazd\u00f3w","potentialAction":[{"@type":"SearchAction","target":{"@type":"EntryPoint","urlTemplate":"https:\/\/kancelariarok.pl\/?s={search_term_string}"},"query-input":{"@type":"PropertyValueSpecification","valueRequired":true,"valueName":"search_term_string"}}],"inLanguage":"pl-PL"}]}},"_links":{"self":[{"href":"https:\/\/kancelariarok.pl\/index.php?rest_route=\/wp\/v2\/pages\/261","targetHints":{"allow":["GET"]}}],"collection":[{"href":"https:\/\/kancelariarok.pl\/index.php?rest_route=\/wp\/v2\/pages"}],"about":[{"href":"https:\/\/kancelariarok.pl\/index.php?rest_route=\/wp\/v2\/types\/page"}],"author":[{"embeddable":true,"href":"https:\/\/kancelariarok.pl\/index.php?rest_route=\/wp\/v2\/users\/1"}],"replies":[{"embeddable":true,"href":"https:\/\/kancelariarok.pl\/index.php?rest_route=%2Fwp%2Fv2%2Fcomments&post=261"}],"version-history":[{"count":17,"href":"https:\/\/kancelariarok.pl\/index.php?rest_route=\/wp\/v2\/pages\/261\/revisions"}],"predecessor-version":[{"id":337,"href":"https:\/\/kancelariarok.pl\/index.php?rest_route=\/wp\/v2\/pages\/261\/revisions\/337"}],"wp:attachment":[{"href":"https:\/\/kancelariarok.pl\/index.php?rest_route=%2Fwp%2Fv2%2Fmedia&parent=261"}],"curies":[{"name":"wp","href":"https:\/\/api.w.org\/{rel}","templated":true}]}}